{"id":107,"date":"2021-12-10T16:59:37","date_gmt":"2021-12-10T15:59:37","guid":{"rendered":"http:\/\/liconnas-ranch.fr\/?page_id=107"},"modified":"2022-02-18T17:57:34","modified_gmt":"2022-02-18T16:57:34","slug":"nos-gites","status":"publish","type":"page","link":"http:\/\/liconnas-ranch.fr\/index.php\/nos-gites\/","title":{"rendered":"Nos gites"},"content":{"rendered":"\n<div class=\"wp-block-columns\">\n<div class=\"wp-block-column\" style=\"flex-basis:33.33%\">\n<p>La Maison Bleue vous permettra de d\u00e9couvrir en famille le Jura. Ce g\u00eete est compos\u00e9 de trois chambres, d&#8217;une cuisine et d&#8217;un grand espace de vie. Authentique et conviviale, le gite rurale la Maison Bleue vous attend.<\/p>\n<\/div>\n\n\n\n<div class=\"wp-block-column\" style=\"flex-basis:66.66%\">\n<figure class=\"wp-block-image size-large\"><img loading=\"lazy\" width=\"529\" height=\"298\" src=\"http:\/\/liconnas-ranch.fr\/wp-content\/uploads\/2021\/12\/WhatsApp-Image-2021-12-10-at-17.18.54-1-edited.jpeg\" alt=\"\" class=\"wp-image-141\" srcset=\"http:\/\/liconnas-ranch.fr\/wp-content\/uploads\/2021\/12\/WhatsApp-Image-2021-12-10-at-17.18.54-1-edited.jpeg 529w, http:\/\/liconnas-ranch.fr\/wp-content\/uploads\/2021\/12\/WhatsApp-Image-2021-12-10-at-17.18.54-1-edited-300x169.jpeg 300w\" sizes=\"(max-width: 529px) 100vw, 529px\" \/><\/figure>\n<\/div>\n<\/div>\n\n\n\n<div class=\"wp-block-group\"><div class=\"wp-block-group__inner-container\"><\/div><\/div>\n\n\n\n<figure class=\"wp-block-gallery columns-3 is-cropped\"><ul class=\"blocks-gallery-grid\"><li class=\"blocks-gallery-item\"><figure><img loading=\"lazy\" width=\"1024\" height=\"1024\" src=\"http:\/\/liconnas-ranch.fr\/wp-content\/uploads\/2021\/12\/20200831_183657-1-1024x1024.jpg\" alt=\"\" data-id=\"139\" data-full-url=\"http:\/\/liconnas-ranch.fr\/wp-content\/uploads\/2021\/12\/20200831_183657-1-scaled.jpg\" data-link=\"http:\/\/liconnas-ranch.fr\/index.php\/nos-gites\/20200831_183657-1\/\" class=\"wp-image-139\" srcset=\"http:\/\/liconnas-ranch.fr\/wp-content\/uploads\/2021\/12\/20200831_183657-1-1024x1024.jpg 1024w, http:\/\/liconnas-ranch.fr\/wp-content\/uploads\/2021\/12\/20200831_183657-1-300x300.jpg 300w, http:\/\/liconnas-ranch.fr\/wp-content\/uploads\/2021\/12\/20200831_183657-1-150x150.jpg 150w, http:\/\/liconnas-ranch.fr\/wp-content\/uploads\/2021\/12\/20200831_183657-1-768x768.jpg 768w, http:\/\/liconnas-ranch.fr\/wp-content\/uploads\/2021\/12\/20200831_183657-1-1536x1536.jpg 1536w, http:\/\/liconnas-ranch.fr\/wp-content\/uploads\/2021\/12\/20200831_183657-1-2048x2048.jpg 2048w, http:\/\/liconnas-ranch.fr\/wp-content\/uploads\/2021\/12\/20200831_183657-1-100x100.jpg 100w\" sizes=\"(max-width: 767px) 89vw, (max-width: 1000px) 54vw, (max-width: 1071px) 543px, 580px\" \/><\/figure><\/li><li class=\"blocks-gallery-item\"><figure><img loading=\"lazy\" width=\"1024\" height=\"768\" src=\"https:\/\/liconnas-ranch.fr\/wp-content\/uploads\/2021\/12\/IMG_09161-1024x768.jpg\" alt=\"\" data-id=\"136\" data-link=\"https:\/\/liconnas-ranch.fr\/index.php\/nos-gites\/img_09161\/\" class=\"wp-image-136\" srcset=\"http:\/\/liconnas-ranch.fr\/wp-content\/uploads\/2021\/12\/IMG_09161-1024x768.jpg 1024w, http:\/\/liconnas-ranch.fr\/wp-content\/uploads\/2021\/12\/IMG_09161-300x225.jpg 300w, http:\/\/liconnas-ranch.fr\/wp-content\/uploads\/2021\/12\/IMG_09161-768x576.jpg 768w, http:\/\/liconnas-ranch.fr\/wp-content\/uploads\/2021\/12\/IMG_09161-1536x1152.jpg 1536w, http:\/\/liconnas-ranch.fr\/wp-content\/uploads\/2021\/12\/IMG_09161-2048x1536.jpg 2048w\" sizes=\"(max-width: 767px) 89vw, (max-width: 1000px) 54vw, (max-width: 1071px) 543px, 580px\" \/><\/figure><\/li><li class=\"blocks-gallery-item\"><figure><img loading=\"lazy\" width=\"480\" height=\"640\" src=\"https:\/\/liconnas-ranch.fr\/wp-content\/uploads\/2021\/12\/IMG_6058-1.jpg\" alt=\"\" data-id=\"137\" data-link=\"https:\/\/liconnas-ranch.fr\/index.php\/nos-gites\/img_6058-1\/\" class=\"wp-image-137\" srcset=\"http:\/\/liconnas-ranch.fr\/wp-content\/uploads\/2021\/12\/IMG_6058-1.jpg 480w, http:\/\/liconnas-ranch.fr\/wp-content\/uploads\/2021\/12\/IMG_6058-1-225x300.jpg 225w\" sizes=\"(max-width: 480px) 100vw, 480px\" \/><\/figure><\/li><\/ul><\/figure>\n\n\n\n<div class=\"wp-block-group\"><div class=\"wp-block-group__inner-container\">\n<div class=\"wp-block-columns\">\n<div class=\"wp-block-column\" style=\"flex-basis:33.33%\">\n<p>La petite Ecurie est un gite rural parfait pour un s\u00e9jour entre amis ou en famille. Dans une ambiance chaleureuse, vous pourrez faire \u00e9tape lors d&#8217;un s\u00e9jour \u00e0 cheval, en moto ou en v\u00e9lo. Les gites vous propose \u00e9galement une \u00e9curie et un paddock.<\/p>\n\n\n\n<p><\/p>\n<\/div>\n\n\n\n<div class=\"wp-block-column\" style=\"flex-basis:66.66%\">\n<figure class=\"wp-block-image size-large\"><img loading=\"lazy\" width=\"1024\" height=\"768\" src=\"https:\/\/liconnas-ranch.fr\/wp-content\/uploads\/2021\/12\/WhatsApp-Image-2021-12-10-at-17.53.44.jpeg\" alt=\"\" class=\"wp-image-142\" srcset=\"http:\/\/liconnas-ranch.fr\/wp-content\/uploads\/2021\/12\/WhatsApp-Image-2021-12-10-at-17.53.44.jpeg 1024w, http:\/\/liconnas-ranch.fr\/wp-content\/uploads\/2021\/12\/WhatsApp-Image-2021-12-10-at-17.53.44-300x225.jpeg 300w, http:\/\/liconnas-ranch.fr\/wp-content\/uploads\/2021\/12\/WhatsApp-Image-2021-12-10-at-17.53.44-768x576.jpeg 768w\" sizes=\"(max-width: 767px) 89vw, (max-width: 1000px) 54vw, (max-width: 1071px) 543px, 580px\" \/><\/figure>\n\n\n\n<div class=\"wp-block-group\"><div class=\"wp-block-group__inner-container\">\n<figure class=\"wp-block-image size-large\"><img loading=\"lazy\" width=\"1024\" height=\"768\" src=\"https:\/\/liconnas-ranch.fr\/wp-content\/uploads\/2021\/12\/DSCF6398-3-1024x768.jpg\" alt=\"\" class=\"wp-image-145\" srcset=\"http:\/\/liconnas-ranch.fr\/wp-content\/uploads\/2021\/12\/DSCF6398-3-1024x768.jpg 1024w, http:\/\/liconnas-ranch.fr\/wp-content\/uploads\/2021\/12\/DSCF6398-3-300x225.jpg 300w, http:\/\/liconnas-ranch.fr\/wp-content\/uploads\/2021\/12\/DSCF6398-3-768x576.jpg 768w, http:\/\/liconnas-ranch.fr\/wp-content\/uploads\/2021\/12\/DSCF6398-3-1536x1152.jpg 1536w, http:\/\/liconnas-ranch.fr\/wp-content\/uploads\/2021\/12\/DSCF6398-3-2048x1536.jpg 2048w\" sizes=\"(max-width: 767px) 89vw, (max-width: 1000px) 54vw, (max-width: 1071px) 543px, 580px\" \/><\/figure>\n\n\n\n<div class=\"wp-block-group\"><div class=\"wp-block-group__inner-container\">\n<figure class=\"wp-block-gallery columns-0 is-cropped\"><ul class=\"blocks-gallery-grid\"><\/ul><\/figure>\n<\/div><\/div>\n<\/div><\/div>\n<\/div>\n<\/div>\n<\/div><\/div>\n","protected":false},"excerpt":{"rendered":"<p>La Maison Bleue vous permettra de d\u00e9couvrir en famille le Jura. Ce g\u00eete est compos\u00e9 de trois chambres, d&#8217;une cuisine et d&#8217;un grand espace de vie. Authentique et conviviale, le gite rurale la Maison Bleue vous attend. La petite Ecurie est un gite rural parfait pour un s\u00e9jour entre amis ou en famille. Dans une &hellip; <\/p>\n<p class=\"link-more\"><a href=\"http:\/\/liconnas-ranch.fr\/index.php\/nos-gites\/\" class=\"more-link\">Continue reading<span class=\"screen-reader-text\"> &#8220;Nos gites&#8221;<\/span><\/a><\/p>\n","protected":false},"author":1,"featured_media":0,"parent":0,"menu_order":0,"comment_status":"closed","ping_status":"closed","template":"","meta":[],"_links":{"self":[{"href":"http:\/\/liconnas-ranch.fr\/index.php\/wp-json\/wp\/v2\/pages\/107"}],"collection":[{"href":"http:\/\/liconnas-ranch.fr\/index.php\/wp-json\/wp\/v2\/pages"}],"about":[{"href":"http:\/\/liconnas-ranch.fr\/index.php\/wp-json\/wp\/v2\/types\/page"}],"author":[{"embeddable":true,"href":"http:\/\/liconnas-ranch.fr\/index.php\/wp-json\/wp\/v2\/users\/1"}],"replies":[{"embeddable":true,"href":"http:\/\/liconnas-ranch.fr\/index.php\/wp-json\/wp\/v2\/comments?post=107"}],"version-history":[{"count":5,"href":"http:\/\/liconnas-ranch.fr\/index.php\/wp-json\/wp\/v2\/pages\/107\/revisions"}],"predecessor-version":[{"id":151,"href":"http:\/\/liconnas-ranch.fr\/index.php\/wp-json\/wp\/v2\/pages\/107\/revisions\/151"}],"wp:attachment":[{"href":"http:\/\/liconnas-ranch.fr\/index.php\/wp-json\/wp\/v2\/media?parent=107"}],"curies":[{"name":"wp","href":"https:\/\/api.w.org\/{rel}","templated":true}]}}