{"id":41,"date":"2021-12-04T16:54:12","date_gmt":"2021-12-04T15:54:12","guid":{"rendered":"http:\/\/liconnas-ranch.fr\/?page_id=41"},"modified":"2021-12-10T19:41:49","modified_gmt":"2021-12-10T18:41:49","slug":"accueil","status":"publish","type":"page","link":"http:\/\/liconnas-ranch.fr\/","title":{"rendered":"Une nouvelle mani\u00e8re de d\u00e9couvrir le Jura"},"content":{"rendered":"\n<h2 class=\"has-vivid-red-color has-text-color has-medium-font-size\">Venez me rejoindre pour une exp\u00e9rience riche et sensationnelle  !<\/h2>\n\n\n\n<p>Partez \u00e0 la d\u00e9couverte de paysages compos\u00e9s de vall\u00e9es et de collines de moyenne montagne. Vivez des aventures authentiques et au plus proche de la nature.<\/p>\n","protected":false},"excerpt":{"rendered":"<p>Venez me rejoindre pour une exp\u00e9rience riche et sensationnelle ! Partez \u00e0 la d\u00e9couverte de paysages compos\u00e9s de vall\u00e9es et de collines de moyenne montagne. Vivez des aventures authentiques et au plus proche de la nature.<\/p>\n","protected":false},"author":1,"featured_media":0,"parent":0,"menu_order":0,"comment_status":"closed","ping_status":"closed","template":"","meta":[],"_links":{"self":[{"href":"http:\/\/liconnas-ranch.fr\/index.php\/wp-json\/wp\/v2\/pages\/41"}],"collection":[{"href":"http:\/\/liconnas-ranch.fr\/index.php\/wp-json\/wp\/v2\/pages"}],"about":[{"href":"http:\/\/liconnas-ranch.fr\/index.php\/wp-json\/wp\/v2\/types\/page"}],"author":[{"embeddable":true,"href":"http:\/\/liconnas-ranch.fr\/index.php\/wp-json\/wp\/v2\/users\/1"}],"replies":[{"embeddable":true,"href":"http:\/\/liconnas-ranch.fr\/index.php\/wp-json\/wp\/v2\/comments?post=41"}],"version-history":[{"count":5,"href":"http:\/\/liconnas-ranch.fr\/index.php\/wp-json\/wp\/v2\/pages\/41\/revisions"}],"predecessor-version":[{"id":132,"href":"http:\/\/liconnas-ranch.fr\/index.php\/wp-json\/wp\/v2\/pages\/41\/revisions\/132"}],"wp:attachment":[{"href":"http:\/\/liconnas-ranch.fr\/index.php\/wp-json\/wp\/v2\/media?parent=41"}],"curies":[{"name":"wp","href":"https:\/\/api.w.org\/{rel}","templated":true}]}}