{"id":42,"date":"2021-12-04T16:54:12","date_gmt":"2021-12-04T15:54:12","guid":{"rendered":"http:\/\/liconnas-ranch.fr\/?page_id=42"},"modified":"2022-02-18T17:47:40","modified_gmt":"2022-02-18T16:47:40","slug":"a-propos-de","status":"publish","type":"page","link":"http:\/\/liconnas-ranch.fr\/index.php\/a-propos-de\/","title":{"rendered":"Nos Activit\u00e9s"},"content":{"rendered":"\n<div class=\"wp-block-media-text alignwide is-stacked-on-mobile is-vertically-aligned-top is-image-fill\"><figure class=\"wp-block-media-text__media\" style=\"background-image:url(http:\/\/liconnas-ranch.fr\/wp-content\/uploads\/2021\/12\/DSCF1390-2-1024x732.jpg);background-position:61% 38%\"><img loading=\"lazy\" width=\"1024\" height=\"732\" src=\"http:\/\/liconnas-ranch.fr\/wp-content\/uploads\/2021\/12\/DSCF1390-2-1024x732.jpg\" alt=\"\" class=\"wp-image-96 size-full\" srcset=\"http:\/\/liconnas-ranch.fr\/wp-content\/uploads\/2021\/12\/DSCF1390-2-1024x732.jpg 1024w, http:\/\/liconnas-ranch.fr\/wp-content\/uploads\/2021\/12\/DSCF1390-2-300x215.jpg 300w, http:\/\/liconnas-ranch.fr\/wp-content\/uploads\/2021\/12\/DSCF1390-2-768x549.jpg 768w, http:\/\/liconnas-ranch.fr\/wp-content\/uploads\/2021\/12\/DSCF1390-2-1536x1098.jpg 1536w, http:\/\/liconnas-ranch.fr\/wp-content\/uploads\/2021\/12\/DSCF1390-2.jpg 1846w\" sizes=\"(max-width: 767px) 89vw, (max-width: 1000px) 54vw, (max-width: 1071px) 543px, 580px\" \/><\/figure><div class=\"wp-block-media-text__content\">\n<p class=\"has-vivid-red-color has-text-color has-medium-font-size\">Les rencontres \u00e9quines <\/p>\n\n\n\n<div class=\"wp-block-group\"><div class=\"wp-block-group__inner-container\">\n<p class=\"has-normal-font-size\">Nous vous proposons de venir \u00e0 la rencontre de la nature Jurassienne gr\u00e2ce \u00e0 des balades \u00e0 cheval adapt\u00e9s \u00e0 votre niveau pour les grands et les petits.  De la simple rencontre avec le cheval , jusqu&#8217;\u00e0 la randonn\u00e9e, nous vous permettrons de cr\u00e9er un lien particulier avec cet animal. Nous partirons  \u00e0 la d\u00e9couverte de paysages compos\u00e9s de vall\u00e9es et de collines de<br>moyenne montagne, dont les plus hauts sommets se situent \u00e0 800m, et nous approcherons<br>au plus pr\u00e8s rivi\u00e8res, moulins et particularit\u00e9s locales.<br>Nos accompagnateurs seront  \u00e0 votre \u00e9coute et vous partagerons leurs connaissances sur<br>la r\u00e9gion, la nature environnante, les \u00e9cosyst\u00e8mes, l\u2019histoire, la g\u00e9ographie, le terroir et la<br>gastronomie : des endroits secrets et uniques.<\/p>\n<\/div><\/div>\n\n\n\n<p><\/p>\n<\/div><\/div>\n\n\n\n<div class=\"wp-block-media-text alignwide has-media-on-the-right is-stacked-on-mobile is-vertically-aligned-top is-image-fill\" style=\"grid-template-columns:auto 49%\"><figure class=\"wp-block-media-text__media\" style=\"background-image:url(http:\/\/liconnas-ranch.fr\/wp-content\/uploads\/2021\/12\/IMG_2518.jpg);background-position:63% 31%\"><img loading=\"lazy\" width=\"640\" height=\"480\" src=\"http:\/\/liconnas-ranch.fr\/wp-content\/uploads\/2021\/12\/IMG_2518.jpg\" alt=\"\" class=\"wp-image-127 size-full\" srcset=\"http:\/\/liconnas-ranch.fr\/wp-content\/uploads\/2021\/12\/IMG_2518.jpg 640w, http:\/\/liconnas-ranch.fr\/wp-content\/uploads\/2021\/12\/IMG_2518-300x225.jpg 300w\" sizes=\"(max-width: 640px) 100vw, 640px\" \/><\/figure><div class=\"wp-block-media-text__content\">\n<p class=\"has-vivid-red-color has-text-color has-huge-font-size\">Les quads<\/p>\n\n\n\n<p class=\"has-small-font-size\">Avec Herv\u00e9 faite une balade touristique et non sportive, accessible \u00e0 tous les d\u00e9tenteurs du<br>permis B, en toute s\u00e9curit\u00e9, avec le confort et la stabilit\u00e9 qu\u2019offrent le quad. Nous roulerons<br>uniquement sur des espaces publics autoris\u00e9s ou priv\u00e9s avec autorisation, sur des chemins<br>et\/ou des petites routes. Cette balade est accessible \u00e0 tous quel que soit le niveau du<br>pilote.  La difficult\u00e9 de certains passages techniques seront adapt\u00e9s si souhait\u00e9 et si le niveau<br>du \/ de la pilote le permet.<br>Le parcours pourra \u00eatre personnalis\u00e9 selon le niveau et selon vos centres<br>d\u2019int\u00e9r\u00eats. Il y a tellement \u00e0 voir dans notre r\u00e9gion !<br>Dans un esprit de partage, de tol\u00e9rance et de respect de la nature et de tous ses utilisateurs,<br>Offrez vous la possibilit\u00e9 de passer une journ\u00e9e de libert\u00e9, de d\u00e9couverte et de d\u00e9tente, dans une r\u00e9gion magnifique et peu connue. <\/p>\n\n\n\n<p><\/p>\n<\/div><\/div>\n","protected":false},"excerpt":{"rendered":"<p>Les quads Avec Herv\u00e9 faite une balade touristique et non sportive, accessible \u00e0 tous les d\u00e9tenteurs dupermis B, en toute s\u00e9curit\u00e9, avec le confort et la stabilit\u00e9 qu\u2019offrent le quad. Nous rouleronsuniquement sur des espaces publics autoris\u00e9s ou priv\u00e9s avec autorisation, sur des cheminset\/ou des petites routes. Cette balade est accessible \u00e0 tous quel que &hellip; <\/p>\n<p class=\"link-more\"><a href=\"http:\/\/liconnas-ranch.fr\/index.php\/a-propos-de\/\" class=\"more-link\">Continue reading<span class=\"screen-reader-text\"> &#8220;Nos Activit\u00e9s&#8221;<\/span><\/a><\/p>\n","protected":false},"author":1,"featured_media":0,"parent":0,"menu_order":0,"comment_status":"closed","ping_status":"closed","template":"","meta":[],"_links":{"self":[{"href":"http:\/\/liconnas-ranch.fr\/index.php\/wp-json\/wp\/v2\/pages\/42"}],"collection":[{"href":"http:\/\/liconnas-ranch.fr\/index.php\/wp-json\/wp\/v2\/pages"}],"about":[{"href":"http:\/\/liconnas-ranch.fr\/index.php\/wp-json\/wp\/v2\/types\/page"}],"author":[{"embeddable":true,"href":"http:\/\/liconnas-ranch.fr\/index.php\/wp-json\/wp\/v2\/users\/1"}],"replies":[{"embeddable":true,"href":"http:\/\/liconnas-ranch.fr\/index.php\/wp-json\/wp\/v2\/comments?post=42"}],"version-history":[{"count":7,"href":"http:\/\/liconnas-ranch.fr\/index.php\/wp-json\/wp\/v2\/pages\/42\/revisions"}],"predecessor-version":[{"id":149,"href":"http:\/\/liconnas-ranch.fr\/index.php\/wp-json\/wp\/v2\/pages\/42\/revisions\/149"}],"wp:attachment":[{"href":"http:\/\/liconnas-ranch.fr\/index.php\/wp-json\/wp\/v2\/media?parent=42"}],"curies":[{"name":"wp","href":"https:\/\/api.w.org\/{rel}","templated":true}]}}